{"id":847,"date":"2018-03-24T17:39:59","date_gmt":"2018-03-24T16:39:59","guid":{"rendered":"http:\/\/localhost\/feldwegpresse_neu\/?page_id=847"},"modified":"2021-01-12T22:07:19","modified_gmt":"2021-01-12T21:07:19","slug":"aktuelles","status":"publish","type":"page","link":"https:\/\/www.harrisfeldwegpresse.de\/blog\/aktuelles\/","title":{"rendered":"Aktuelles"},"content":{"rendered":"<h3>Das AKTUELLE<\/h3>\n<p>ist das, was unter \u00bbZuk\u00fcnftiges\u00ab steht. Denn die Zukunft (das Werk Chidher) ist zwar fertiggestellt, aber 2020 hat verhindert, dass es irgendjemand zu Gesicht bekommen hat. Ansonsten ist der Verleger der Harrisfeldwegpresse zumeist in seiner Rolle als Prinzipal von WerkDruck (siehe dort) vollauf besch\u00e4ftigt. Ob und wann noch je eine Harrisfeldwegpressenproduktion erscheinen wird, ist nicht abzusehen\u2026<\/p>\n<p><a href=\"https:\/\/harrisfeldwegpresse.de\/blog\/harris\/wp-content\/uploads\/2015\/08\/Winkelhaken.jpg\" target=\"_blank\" rel=\"noopener\"><img decoding=\"async\" loading=\"lazy\" class=\"bild-left alignleft wp-image-370 size-full\" src=\"https:\/\/www.harrisfeldwegpresse.de\/blog\/wp-content\/uploads\/2015\/08\/Winkelhaken.jpg\" alt=\"Winkelhaken\" width=\"884\" height=\"254\" srcset=\"https:\/\/www.harrisfeldwegpresse.de\/blog\/wp-content\/uploads\/2015\/08\/Winkelhaken.jpg 884w, https:\/\/www.harrisfeldwegpresse.de\/blog\/wp-content\/uploads\/2015\/08\/Winkelhaken-300x86.jpg 300w\" sizes=\"(max-width: 884px) 100vw, 884px\" \/><\/a><\/p>\n<p>&nbsp;<\/p>\n<p>&nbsp;<\/p>\n<p>&nbsp;<\/p>\n<p>&nbsp;<\/p>\n<p>&nbsp;<\/p>\n<p>&nbsp;<\/p>\n<p>Der Winkelhaken, des Setzers Werkzeug wird nun bei den Projekten von WerkDruck geschwungen. Diese Seite (die notwendig w\u00e4re, wie man mir weismachte) wird sich nicht mehr gro\u00df \u00e4ndern. Das Gesamtwerk der Presse wird wohl nicht mehr viel wachsen.<\/p>\n<h2><span style=\"color: #993300;\">The Composing Stick<\/span><\/h2>\n<p><span style=\"color: #993300;\">That\u2019s the tool I like to handle. The digital world here is not my sphere. But a website is a must, they said. So I am waiting for the long winter evenings to come when I will work on this site to hopefully please the numerous visitors.<\/span><\/p>\n<p><span style=\"color: #993300;\">\u00a0<\/span><\/p>\n<p>&nbsp;<\/p>\n","protected":false},"excerpt":{"rendered":"<p>Das AKTUELLE ist das, was unter \u00bbZuk\u00fcnftiges\u00ab steht. Denn die Zukunft (das Werk Chidher) ist zwar fertiggestellt, aber 2020 hat verhindert, dass es irgendjemand zu Gesicht bekommen hat. Ansonsten ist der Verleger der Harrisfeldwegpresse zumeist in seiner Rolle als Prinzipal von WerkDruck (siehe dort) vollauf besch\u00e4ftigt. Ob und wann noch je eine Harrisfeldwegpressenproduktion erscheinen wird, [&hellip;]<\/p>\n","protected":false},"author":1,"featured_media":0,"parent":0,"menu_order":0,"comment_status":"closed","ping_status":"closed","template":"","meta":{"footnotes":""},"_links":{"self":[{"href":"https:\/\/www.harrisfeldwegpresse.de\/blog\/wp-json\/wp\/v2\/pages\/847"}],"collection":[{"href":"https:\/\/www.harrisfeldwegpresse.de\/blog\/wp-json\/wp\/v2\/pages"}],"about":[{"href":"https:\/\/www.harrisfeldwegpresse.de\/blog\/wp-json\/wp\/v2\/types\/page"}],"author":[{"embeddable":true,"href":"https:\/\/www.harrisfeldwegpresse.de\/blog\/wp-json\/wp\/v2\/users\/1"}],"replies":[{"embeddable":true,"href":"https:\/\/www.harrisfeldwegpresse.de\/blog\/wp-json\/wp\/v2\/comments?post=847"}],"version-history":[{"count":9,"href":"https:\/\/www.harrisfeldwegpresse.de\/blog\/wp-json\/wp\/v2\/pages\/847\/revisions"}],"predecessor-version":[{"id":958,"href":"https:\/\/www.harrisfeldwegpresse.de\/blog\/wp-json\/wp\/v2\/pages\/847\/revisions\/958"}],"wp:attachment":[{"href":"https:\/\/www.harrisfeldwegpresse.de\/blog\/wp-json\/wp\/v2\/media?parent=847"}],"curies":[{"name":"wp","href":"https:\/\/api.w.org\/{rel}","templated":true}]}}