{"id":2,"date":"2015-07-04T09:55:42","date_gmt":"2015-07-04T07:55:42","guid":{"rendered":"http:\/\/harrisfeldwegpresse.de\/blog\/harrypresse\/?page_id=2"},"modified":"2020-12-15T10:03:07","modified_gmt":"2020-12-15T09:03:07","slug":"beispiel-seite","status":"publish","type":"page","link":"https:\/\/www.harrisfeldwegpresse.de\/blog\/","title":{"rendered":"Daheim"},"content":{"rendered":"<p>&nbsp;<\/p>\n<h1><strong>\u00a0HALLELUJA<\/strong><\/h1>\n<p>Das ist die <span style=\"color: #993300;\">Internet-Pr\u00e4senz<\/span> der Harrisfeldwegpresse.<br \/>\nEine etwas seltsame Angelegenheit, denn die Werke der Harrisfeldwegpresse<br \/>\nmit 72 dpi \u00fcber einen Bildschirm darzustellen zu wollen, ist vergeblich.<br \/>\nEine Schwarzw\u00e4lder Kirschtorte oder ein Schweinebraten mit Kl\u00f6\u00dfen<br \/>\nist am Bildschirm eben auch wesentlich weniger als die halbe Wahrheit.<\/p>\n<p><a href=\"https:\/\/harrisfeldwegpresse.de\/blog\/wp-content\/uploads\/2015\/09\/HosiannaEngelWEB.jpg\" target=\"_blank\" rel=\"noopener\"><img decoding=\"async\" loading=\"lazy\" class=\"alignleft wp-image-452\" src=\"https:\/\/harrisfeldwegpresse.de\/blog\/wp-content\/uploads\/2015\/09\/HosiannaEngelWEB-300x228.jpg\" alt=\"HosiannaEngelWEB\" width=\"600\" height=\"457\" srcset=\"https:\/\/www.harrisfeldwegpresse.de\/blog\/wp-content\/uploads\/2015\/09\/HosiannaEngelWEB-300x228.jpg 300w, https:\/\/www.harrisfeldwegpresse.de\/blog\/wp-content\/uploads\/2015\/09\/HosiannaEngelWEB-1024x779.jpg 1024w, https:\/\/www.harrisfeldwegpresse.de\/blog\/wp-content\/uploads\/2015\/09\/HosiannaEngelWEB.jpg 1134w\" sizes=\"(max-width: 600px) 100vw, 600px\" \/><\/a><\/p>\n<h1>\u00a0<strong>HOSANNA<\/strong><\/h1>\n<p><span style=\"color: #993300;\">Finally, after long years of waiting for its appearance in this digital world, the public can now rejoice in the Harrisfeldwegpresse\u2019s emerging out of the lead-intoxicated and untidy workshop into these bright and neat surroundings.<\/span><\/p>\n<p><span style=\"color: #993300;\">The Harrisfeldwegpresse website is still and ever under construction. Unfortunately, there is no way to imitate the look (let alone the feel) of books on a screen \u2013 you might as well try to convey the taste of a nice juicy steak or a delicious dessert via computer \u2013 but since I was told that an internet presence is an absolute must nowadays, here you are, for better or worse.<\/span><\/p>\n<p><span style=\"color: #993300;\">\u00a0<\/span><\/p>\n","protected":false},"excerpt":{"rendered":"<p>&nbsp; \u00a0HALLELUJA Das ist die Internet-Pr\u00e4senz der Harrisfeldwegpresse. Eine etwas seltsame Angelegenheit, denn die Werke der Harrisfeldwegpresse mit 72 dpi \u00fcber einen Bildschirm darzustellen zu wollen, ist vergeblich. Eine Schwarzw\u00e4lder Kirschtorte oder ein Schweinebraten mit Kl\u00f6\u00dfen ist am Bildschirm eben auch wesentlich weniger als die halbe Wahrheit. \u00a0HOSANNA Finally, after long years of waiting for [&hellip;]<\/p>\n","protected":false},"author":1,"featured_media":0,"parent":0,"menu_order":0,"comment_status":"closed","ping_status":"open","template":"page-templates\/full-width.php","meta":{"footnotes":""},"_links":{"self":[{"href":"https:\/\/www.harrisfeldwegpresse.de\/blog\/wp-json\/wp\/v2\/pages\/2"}],"collection":[{"href":"https:\/\/www.harrisfeldwegpresse.de\/blog\/wp-json\/wp\/v2\/pages"}],"about":[{"href":"https:\/\/www.harrisfeldwegpresse.de\/blog\/wp-json\/wp\/v2\/types\/page"}],"author":[{"embeddable":true,"href":"https:\/\/www.harrisfeldwegpresse.de\/blog\/wp-json\/wp\/v2\/users\/1"}],"replies":[{"embeddable":true,"href":"https:\/\/www.harrisfeldwegpresse.de\/blog\/wp-json\/wp\/v2\/comments?post=2"}],"version-history":[{"count":34,"href":"https:\/\/www.harrisfeldwegpresse.de\/blog\/wp-json\/wp\/v2\/pages\/2\/revisions"}],"predecessor-version":[{"id":952,"href":"https:\/\/www.harrisfeldwegpresse.de\/blog\/wp-json\/wp\/v2\/pages\/2\/revisions\/952"}],"wp:attachment":[{"href":"https:\/\/www.harrisfeldwegpresse.de\/blog\/wp-json\/wp\/v2\/media?parent=2"}],"curies":[{"name":"wp","href":"https:\/\/api.w.org\/{rel}","templated":true}]}}